{"id":1786,"date":"2025-02-27T21:10:19","date_gmt":"2025-02-27T21:10:19","guid":{"rendered":"https:\/\/www.freshstart.org\/espanol\/?page_id=1786"},"modified":"2025-07-31T23:43:23","modified_gmt":"2025-07-31T23:43:23","slug":"donar","status":"publish","type":"page","link":"https:\/\/www.freshstart.org\/espanol\/donar\/","title":{"rendered":"Donar"},"content":{"rendered":"<p>[vc_row full_width=&#8221;stretch_row&#8221; bg_type=&#8221;bg_color&#8221; el_class=&#8221;pgp-row-pad&#8221; el_id=&#8221;donate&#8221;][vc_column css_animation=&#8221;fadeInUp&#8221;][vc_custom_heading text=&#8221;Dona ahora y transforma la vida de un ni\u00f1o para siempre&#8221; font_container=&#8221;tag:h2|text_align:center|color:%23075aa0&#8243; use_theme_fonts=&#8221;yes&#8221; el_class=&#8221;pgp-white white&#8221;][vc_column_text el_class=&#8221;oj-txt-box&#8221;]<\/p>\n<h4 style=\"text-align: center; color: #000;\">Aproximadamente 1 de cada 33 beb\u00e9s (alrededor del 3%) nace con un defecto cong\u00e9nito. Cada a\u00f1o, miles de ni\u00f1os padecen deformidades f\u00edsicas o est\u00e9ticas a causa de accidentes, enfermedades o abuso. Estos ni\u00f1os tienden a aislarse y enfrentan prejuicios en su comunidad. Ning\u00fan ni\u00f1o merece <span class=\"pgp-nowrap\">sentirse rechazado.<\/span><\/h4>\n<p>[\/vc_column_text]<div class=\"ult-spacer spacer-69fcc24b3cb35\" data-id=\"69fcc24b3cb35\" data-height=\"45\" data-height-mobile=\"45\" data-height-tab=\"45\" data-height-tab-portrait=\"45\" data-height-mobile-landscape=\"45\" style=\"clear:both;display:block;\"><\/div>[vc_row_inner equal_height=&#8221;yes&#8221; el_class=&#8221;fc-donate-btns-row&#8221;][vc_column_inner width=&#8221;1\/2&#8243;][vc_raw_html]JTNDZGl2JTIwY2xhc3MlM0QlMjJvai1kb25hdGUtYnRuJTIyJTNFJTNDYSUyMGhyZWYlM0QlMjJodHRwcyUzQSUyRiUyRmZyZXNoc3RhcnQubmV0d29ya2Zvcmdvb2QuY29tJTJGcHJvamVjdHMlMkY4MDAyMi1kb25hdGUtbm93JTIyJTIwdGFyZ2V0JTNEJTIyX2JsYW5rJTIyJTNFRG9uYXIlMjBjb24lMjBUYXJqZXRhJTJDJTIwJTNDaW1nJTIwY2xhc3MlM0QlMjJrdC1kb25vLWxvZ28lMjBncGF5LWxvZ28lMjIlMjBzcmMlM0QlMjIlMkZ3cC1jb250ZW50JTJGdXBsb2FkcyUyRjIwMjQlMkYwNSUyRkdwYXlMb2dvLXRyYW5zcGFyZW50LXdoaXRlLXRleHQucG5nJTIyJTIwYWx0JTNEJTIyZ29vZ2xlJTIwcGF5JTIwbG9nbyUyMiUzRSUyQyUyMCUzQ2ltZyUyMGNsYXNzJTNEJTIya3QtZG9uby1sb2dvJTIwYXBheS1sb2dvJTIyJTIwc3JjJTNEJTIyJTJGd3AtY29udGVudCUyRnVwbG9hZHMlMkYyMDI0JTJGMDUlMkZBcHBsZVBheUxvZ28tdHJhbnNwYXJlbnQtd2hpdGUucG5nJTIyJTIwYWx0JTNEJTIyYXBwbGUlMjBwYXklMjBsb2dvJTIyJTNFJTJDJTIwJTNDaW1nJTIwY2xhc3MlM0QlMjJrdC1kb25vLWxvZ28lMjB2ZW5tby1sb2dvJTIyJTIwc3JjJTNEJTIyJTJGd3AtY29udGVudCUyRnVwbG9hZHMlMkYyMDI0JTJGMDUlMkZWZW5tb0xvZ28tdHJhbnNwYXJlbnQtd2hpdGUucG5nJTIyJTIwYWx0JTNEJTIydmVubW8lMjBsb2dvJTIyJTNFJTIwbyUyMCUzQ2ltZyUyMGNsYXNzJTNEJTIya3QtZG9uby1sb2dvJTIwcGF5cGFsLWxvZ28lMjIlMjBzcmMlM0QlMjIlMkZ3cC1jb250ZW50JTJGdXBsb2FkcyUyRjIwMjUlMkYwNCUyRlBheVBhbC1Mb2dvLVdoaXRlLVJHQi5wbmclMjIlMjBhbHQlM0QlMjJwYXlwYWwlMjBsb2dvJTIyJTNFJTNDJTJGYSUzRSUzQyUyRmRpdiUzRQ==[\/vc_raw_html][\/vc_column_inner][vc_column_inner width=&#8221;1\/2&#8243;][vc_raw_html]JTNDZGl2JTIwY2xhc3MlM0QlMjJvai1kb25hdGUtYnRuJTIyJTNFJTNDZm9ybSUyMG5hbWUlM0QlMjJQcmVQYWdlJTIyJTIwbWV0aG9kJTIwJTNEJTIwJTIycG9zdCUyMiUyMGFjdGlvbiUyMCUzRCUyMCUyMmh0dHBzJTNBJTJGJTJGU2ltcGxlY2hlY2tvdXQuYXV0aG9yaXplLm5ldCUyRnBheW1lbnQlMkZDYXRhbG9nUGF5bWVudC5hc3B4JTIyJTNFJTIwJTNDaW5wdXQlMjB0eXBlJTIwJTNEJTIwJTIyaGlkZGVuJTIyJTIwbmFtZSUyMCUzRCUyMCUyMkxpbmtJZCUyMiUyMHZhbHVlJTIwJTNEJTIyMDMyNzIzNDgtZDUyMi00YzY4LWJiMDAtNDllYTI4MzNmNGMxJTIyJTIwJTJGJTNFJTIwJTNDaW5wdXQlMjBjbGFzcyUzRCUyMmZjLWRvbmF0ZSUyMiUyMHR5cGUlM0QlMjJzdWJtaXQlMjIlMjB2YWx1ZSUzRCUyMkRvbmFyJTIwY29uJTIwQUNIJTIwRS1jaGVjayUyMiUzRSUyMCUzQyUyRmZvcm0lM0UlM0MlMkZkaXYlM0UlMEElMEE=[\/vc_raw_html][\/vc_column_inner][\/vc_row_inner]<div class=\"ult-spacer spacer-69fcc24b3cb4d\" data-id=\"69fcc24b3cb4d\" data-height=\"45\" data-height-mobile=\"45\" data-height-tab=\"45\" data-height-tab-portrait=\"45\" data-height-mobile-landscape=\"45\" style=\"clear:both;display:block;\"><\/div>[vc_column_text]<\/p>\n<h3 style=\"text-align: center;\">Haz que tu donaci\u00f3n llegue <span class=\"pgp-nowrap\">m\u00e1s lejos<\/span><\/h3>\n<p style=\"text-align: center;\">Donar a trav\u00e9s de ACH o transferencia bancaria garantiza que el 100% de su contribuci\u00f3n apoye directamente nuestra misi\u00f3n, sin cargos <span class=\"pgp-nowrap\">por transacci\u00f3n.<\/span><\/p>\n<p>[\/vc_column_text][vc_column_text]<\/p>\n<h4 style=\"text-align: center;\">Las donaciones con cheque pueden enviarse por correo a: <span class=\"pgp-nowrap\">Fresh Start Surgical Gifts,<\/span> 2011 Palomar Airport Rd., Suite 206, Carlsbad, <span class=\"pgp-nowrap\">CA 92011<\/span><\/h4>\n<h4 style=\"text-align: center;\">Si desea donar por tel\u00e9fono o requiere asistencia con su donaci\u00f3n, por favor llame <span class=\"pgp-nowrap\">al <a href=\"tel:7604482012\">760.448.2012.<\/a><\/span><\/h4>\n<p style=\"text-align: center;\"><span class=\"pgp-nowrap\">Fresh Start Surgical Gifts<\/span> est\u00e1 registrada como una organizaci\u00f3n sin fines de lucro 501 (c)(3). Las contribuciones a Fresh Start Surgical Gifts son deducibles de impuestos en la medida permitida por la ley. El n\u00famero de identificaci\u00f3n fiscal <span class=\"pgp-nowrap\">es 33-0460177.<\/span><\/p>\n<p>[\/vc_column_text][\/vc_column][\/vc_row]<\/p>\n","protected":false},"excerpt":{"rendered":"<p>[vc_row full_width=&#8221;stretch_row&#8221; bg_type=&#8221;bg_color&#8221; el_class=&#8221;pgp-row-pad&#8221; el_id=&#8221;donate&#8221;][vc_column css_animation=&#8221;fadeInUp&#8221;][vc_custom_heading text=&#8221;Dona ahora y transforma la vida de un ni\u00f1o para siempre&#8221; font_container=&#8221;tag:h2|text_align:center|color:%23075aa0&#8243; use_theme_fonts=&#8221;yes&#8221; el_class=&#8221;pgp-white white&#8221;][vc_column_text el_class=&#8221;oj-txt-box&#8221;] Aproximadamente 1 de cada 33 beb\u00e9s (alrededor del 3%) nace con un defecto cong\u00e9nito. Cada a\u00f1o, miles de ni\u00f1os padecen deformidades f\u00edsicas o est\u00e9ticas a causa de accidentes, enfermedades o abuso. Estos ni\u00f1os &#8230; <a title=\"Donar\" class=\"read-more\" href=\"https:\/\/www.freshstart.org\/espanol\/donar\/\" aria-label=\"Read more about Donar\">Read more<\/a><\/p>\n","protected":false},"author":6,"featured_media":454,"parent":0,"menu_order":0,"comment_status":"closed","ping_status":"closed","template":"","meta":{"inline_featured_image":false,"footnotes":""},"class_list":["post-1786","page","type-page","status-publish","has-post-thumbnail"],"yoast_head":"<!-- This site is optimized with the Yoast SEO plugin v27.5 - https:\/\/yoast.com\/product\/yoast-seo-wordpress\/ -->\n<title>Donar - Charities for Children, Organizations to Help Children<\/title>\n<meta name=\"robots\" content=\"index, follow, max-snippet:-1, max-image-preview:large, max-video-preview:-1\" \/>\n<link rel=\"canonical\" href=\"https:\/\/www.freshstart.org\/espanol\/donar\/\" \/>\n<meta property=\"og:locale\" content=\"en_US\" \/>\n<meta property=\"og:type\" content=\"article\" \/>\n<meta property=\"og:title\" content=\"Donar - Charities for Children, Organizations to Help Children\" \/>\n<meta property=\"og:description\" content=\"[vc_row full_width=&#8221;stretch_row&#8221; bg_type=&#8221;bg_color&#8221; el_class=&#8221;pgp-row-pad&#8221; el_id=&#8221;donate&#8221;][vc_column css_animation=&#8221;fadeInUp&#8221;][vc_custom_heading text=&#8221;Dona ahora y transforma la vida de un ni\u00f1o para siempre&#8221; font_container=&#8221;tag:h2|text_align:center|color:%23075aa0&#8243; use_theme_fonts=&#8221;yes&#8221; el_class=&#8221;pgp-white white&#8221;][vc_column_text el_class=&#8221;oj-txt-box&#8221;] Aproximadamente 1 de cada 33 beb\u00e9s (alrededor del 3%) nace con un defecto cong\u00e9nito. Cada a\u00f1o, miles de ni\u00f1os padecen deformidades f\u00edsicas o est\u00e9ticas a causa de accidentes, enfermedades o abuso. Estos ni\u00f1os ... Read more\" \/>\n<meta property=\"og:url\" content=\"https:\/\/www.freshstart.org\/espanol\/donar\/\" \/>\n<meta property=\"og:site_name\" content=\"Charities for Children, Organizations to Help Children\" \/>\n<meta property=\"article:modified_time\" content=\"2025-07-31T23:43:23+00:00\" \/>\n<meta property=\"og:image\" content=\"https:\/\/www.freshstart.org\/espanol\/wp-content\/uploads\/2022\/11\/fresh-start-page-bg.jpg\" \/>\n\t<meta property=\"og:image:width\" content=\"1920\" \/>\n\t<meta property=\"og:image:height\" content=\"400\" \/>\n\t<meta property=\"og:image:type\" content=\"image\/jpeg\" \/>\n<meta name=\"twitter:card\" content=\"summary_large_image\" \/>\n<meta name=\"twitter:label1\" content=\"Est. reading time\" \/>\n\t<meta name=\"twitter:data1\" content=\"2 minutes\" \/>\n<script type=\"application\/ld+json\" class=\"yoast-schema-graph\">{\"@context\":\"https:\\\/\\\/schema.org\",\"@graph\":[{\"@type\":\"WebPage\",\"@id\":\"https:\\\/\\\/www.freshstart.org\\\/espanol\\\/donar\\\/\",\"url\":\"https:\\\/\\\/www.freshstart.org\\\/espanol\\\/donar\\\/\",\"name\":\"Donar - Charities for Children, Organizations to Help Children\",\"isPartOf\":{\"@id\":\"https:\\\/\\\/www.freshstart.org\\\/espanol\\\/#website\"},\"primaryImageOfPage\":{\"@id\":\"https:\\\/\\\/www.freshstart.org\\\/espanol\\\/donar\\\/#primaryimage\"},\"image\":{\"@id\":\"https:\\\/\\\/www.freshstart.org\\\/espanol\\\/donar\\\/#primaryimage\"},\"thumbnailUrl\":\"https:\\\/\\\/www.freshstart.org\\\/espanol\\\/wp-content\\\/uploads\\\/2022\\\/11\\\/fresh-start-page-bg.jpg\",\"datePublished\":\"2025-02-27T21:10:19+00:00\",\"dateModified\":\"2025-07-31T23:43:23+00:00\",\"inLanguage\":\"en-US\",\"potentialAction\":[{\"@type\":\"ReadAction\",\"target\":[\"https:\\\/\\\/www.freshstart.org\\\/espanol\\\/donar\\\/\"]}]},{\"@type\":\"ImageObject\",\"inLanguage\":\"en-US\",\"@id\":\"https:\\\/\\\/www.freshstart.org\\\/espanol\\\/donar\\\/#primaryimage\",\"url\":\"https:\\\/\\\/www.freshstart.org\\\/espanol\\\/wp-content\\\/uploads\\\/2022\\\/11\\\/fresh-start-page-bg.jpg\",\"contentUrl\":\"https:\\\/\\\/www.freshstart.org\\\/espanol\\\/wp-content\\\/uploads\\\/2022\\\/11\\\/fresh-start-page-bg.jpg\",\"width\":1920,\"height\":400},{\"@type\":\"WebSite\",\"@id\":\"https:\\\/\\\/www.freshstart.org\\\/espanol\\\/#website\",\"url\":\"https:\\\/\\\/www.freshstart.org\\\/espanol\\\/\",\"name\":\"Charities for Children, Organizations to Help Children\",\"description\":\"Fresh Start Surgical Gifts is a medical charity for children that transforms the lives of disadvantaged infants, children, and teens with physical\",\"publisher\":{\"@id\":\"https:\\\/\\\/www.freshstart.org\\\/espanol\\\/#organization\"},\"potentialAction\":[{\"@type\":\"SearchAction\",\"target\":{\"@type\":\"EntryPoint\",\"urlTemplate\":\"https:\\\/\\\/www.freshstart.org\\\/espanol\\\/?s={search_term_string}\"},\"query-input\":{\"@type\":\"PropertyValueSpecification\",\"valueRequired\":true,\"valueName\":\"search_term_string\"}}],\"inLanguage\":\"en-US\"},{\"@type\":\"Organization\",\"@id\":\"https:\\\/\\\/www.freshstart.org\\\/espanol\\\/#organization\",\"name\":\"Charities for Children, Organizations to Help Children\",\"url\":\"https:\\\/\\\/www.freshstart.org\\\/espanol\\\/\",\"logo\":{\"@type\":\"ImageObject\",\"inLanguage\":\"en-US\",\"@id\":\"https:\\\/\\\/www.freshstart.org\\\/espanol\\\/#\\\/schema\\\/logo\\\/image\\\/\",\"url\":\"https:\\\/\\\/www.freshstart.org\\\/espanol\\\/wp-content\\\/uploads\\\/2022\\\/12\\\/spanish-logo.png\",\"contentUrl\":\"https:\\\/\\\/www.freshstart.org\\\/espanol\\\/wp-content\\\/uploads\\\/2022\\\/12\\\/spanish-logo.png\",\"width\":800,\"height\":255,\"caption\":\"Charities for Children, Organizations to Help Children\"},\"image\":{\"@id\":\"https:\\\/\\\/www.freshstart.org\\\/espanol\\\/#\\\/schema\\\/logo\\\/image\\\/\"}}]}<\/script>\n<!-- \/ Yoast SEO plugin. -->","yoast_head_json":{"title":"Donar - Charities for Children, Organizations to Help Children","robots":{"index":"index","follow":"follow","max-snippet":"max-snippet:-1","max-image-preview":"max-image-preview:large","max-video-preview":"max-video-preview:-1"},"canonical":"https:\/\/www.freshstart.org\/espanol\/donar\/","og_locale":"en_US","og_type":"article","og_title":"Donar - Charities for Children, Organizations to Help Children","og_description":"[vc_row full_width=&#8221;stretch_row&#8221; bg_type=&#8221;bg_color&#8221; el_class=&#8221;pgp-row-pad&#8221; el_id=&#8221;donate&#8221;][vc_column css_animation=&#8221;fadeInUp&#8221;][vc_custom_heading text=&#8221;Dona ahora y transforma la vida de un ni\u00f1o para siempre&#8221; font_container=&#8221;tag:h2|text_align:center|color:%23075aa0&#8243; use_theme_fonts=&#8221;yes&#8221; el_class=&#8221;pgp-white white&#8221;][vc_column_text el_class=&#8221;oj-txt-box&#8221;] Aproximadamente 1 de cada 33 beb\u00e9s (alrededor del 3%) nace con un defecto cong\u00e9nito. Cada a\u00f1o, miles de ni\u00f1os padecen deformidades f\u00edsicas o est\u00e9ticas a causa de accidentes, enfermedades o abuso. Estos ni\u00f1os ... Read more","og_url":"https:\/\/www.freshstart.org\/espanol\/donar\/","og_site_name":"Charities for Children, Organizations to Help Children","article_modified_time":"2025-07-31T23:43:23+00:00","og_image":[{"width":1920,"height":400,"url":"https:\/\/www.freshstart.org\/espanol\/wp-content\/uploads\/2022\/11\/fresh-start-page-bg.jpg","type":"image\/jpeg"}],"twitter_card":"summary_large_image","twitter_misc":{"Est. reading time":"2 minutes"},"schema":{"@context":"https:\/\/schema.org","@graph":[{"@type":"WebPage","@id":"https:\/\/www.freshstart.org\/espanol\/donar\/","url":"https:\/\/www.freshstart.org\/espanol\/donar\/","name":"Donar - Charities for Children, Organizations to Help Children","isPartOf":{"@id":"https:\/\/www.freshstart.org\/espanol\/#website"},"primaryImageOfPage":{"@id":"https:\/\/www.freshstart.org\/espanol\/donar\/#primaryimage"},"image":{"@id":"https:\/\/www.freshstart.org\/espanol\/donar\/#primaryimage"},"thumbnailUrl":"https:\/\/www.freshstart.org\/espanol\/wp-content\/uploads\/2022\/11\/fresh-start-page-bg.jpg","datePublished":"2025-02-27T21:10:19+00:00","dateModified":"2025-07-31T23:43:23+00:00","inLanguage":"en-US","potentialAction":[{"@type":"ReadAction","target":["https:\/\/www.freshstart.org\/espanol\/donar\/"]}]},{"@type":"ImageObject","inLanguage":"en-US","@id":"https:\/\/www.freshstart.org\/espanol\/donar\/#primaryimage","url":"https:\/\/www.freshstart.org\/espanol\/wp-content\/uploads\/2022\/11\/fresh-start-page-bg.jpg","contentUrl":"https:\/\/www.freshstart.org\/espanol\/wp-content\/uploads\/2022\/11\/fresh-start-page-bg.jpg","width":1920,"height":400},{"@type":"WebSite","@id":"https:\/\/www.freshstart.org\/espanol\/#website","url":"https:\/\/www.freshstart.org\/espanol\/","name":"Charities for Children, Organizations to Help Children","description":"Fresh Start Surgical Gifts is a medical charity for children that transforms the lives of disadvantaged infants, children, and teens with physical","publisher":{"@id":"https:\/\/www.freshstart.org\/espanol\/#organization"},"potentialAction":[{"@type":"SearchAction","target":{"@type":"EntryPoint","urlTemplate":"https:\/\/www.freshstart.org\/espanol\/?s={search_term_string}"},"query-input":{"@type":"PropertyValueSpecification","valueRequired":true,"valueName":"search_term_string"}}],"inLanguage":"en-US"},{"@type":"Organization","@id":"https:\/\/www.freshstart.org\/espanol\/#organization","name":"Charities for Children, Organizations to Help Children","url":"https:\/\/www.freshstart.org\/espanol\/","logo":{"@type":"ImageObject","inLanguage":"en-US","@id":"https:\/\/www.freshstart.org\/espanol\/#\/schema\/logo\/image\/","url":"https:\/\/www.freshstart.org\/espanol\/wp-content\/uploads\/2022\/12\/spanish-logo.png","contentUrl":"https:\/\/www.freshstart.org\/espanol\/wp-content\/uploads\/2022\/12\/spanish-logo.png","width":800,"height":255,"caption":"Charities for Children, Organizations to Help Children"},"image":{"@id":"https:\/\/www.freshstart.org\/espanol\/#\/schema\/logo\/image\/"}}]}},"_links":{"self":[{"href":"https:\/\/www.freshstart.org\/espanol\/wp-json\/wp\/v2\/pages\/1786","targetHints":{"allow":["GET"]}}],"collection":[{"href":"https:\/\/www.freshstart.org\/espanol\/wp-json\/wp\/v2\/pages"}],"about":[{"href":"https:\/\/www.freshstart.org\/espanol\/wp-json\/wp\/v2\/types\/page"}],"author":[{"embeddable":true,"href":"https:\/\/www.freshstart.org\/espanol\/wp-json\/wp\/v2\/users\/6"}],"replies":[{"embeddable":true,"href":"https:\/\/www.freshstart.org\/espanol\/wp-json\/wp\/v2\/comments?post=1786"}],"version-history":[{"count":5,"href":"https:\/\/www.freshstart.org\/espanol\/wp-json\/wp\/v2\/pages\/1786\/revisions"}],"predecessor-version":[{"id":1802,"href":"https:\/\/www.freshstart.org\/espanol\/wp-json\/wp\/v2\/pages\/1786\/revisions\/1802"}],"wp:featuredmedia":[{"embeddable":true,"href":"https:\/\/www.freshstart.org\/espanol\/wp-json\/wp\/v2\/media\/454"}],"wp:attachment":[{"href":"https:\/\/www.freshstart.org\/espanol\/wp-json\/wp\/v2\/media?parent=1786"}],"curies":[{"name":"wp","href":"https:\/\/api.w.org\/{rel}","templated":true}]}}