{"id":226,"date":"2022-09-07T00:10:23","date_gmt":"2022-09-07T00:10:23","guid":{"rendered":"https:\/\/www.freshstart.org\/espanol\/?page_id=226"},"modified":"2022-12-15T20:09:07","modified_gmt":"2022-12-15T20:09:07","slug":"volunteer","status":"publish","type":"page","link":"https:\/\/www.freshstart.org\/espanol\/volunteer\/","title":{"rendered":"Voluntario"},"content":{"rendered":"<p>[vc_row el_class=&#8221;pgp-row-pad&#8221;][vc_column width=&#8221;1\/2&#8243;][vc_raw_html]JTNDaWZyYW1lJTIwd2lkdGglM0QlMjI1NjAlMjIlMjBoZWlnaHQlM0QlMjIzMTUlMjIlMjBzcmMlM0QlMjJodHRwcyUzQSUyRiUyRnd3dy55b3V0dWJlLmNvbSUyRmVtYmVkJTJGR2pqTF9FLVRVZDAlMjIlMjB0aXRsZSUzRCUyMllvdVR1YmUlMjB2aWRlbyUyMHBsYXllciUyMiUyMGZyYW1lYm9yZGVyJTNEJTIyMCUyMiUyMGFsbG93JTNEJTIyYWNjZWxlcm9tZXRlciUzQiUyMGF1dG9wbGF5JTNCJTIwY2xpcGJvYXJkLXdyaXRlJTNCJTIwZW5jcnlwdGVkLW1lZGlhJTNCJTIwZ3lyb3Njb3BlJTNCJTIwcGljdHVyZS1pbi1waWN0dXJlJTIyJTIwYWxsb3dmdWxsc2NyZWVuJTNFJTNDJTJGaWZyYW1lJTNF[\/vc_raw_html][\/vc_column][vc_column width=&#8221;1\/2&#8243;][vc_column_text]<\/p>\n<p>Con un equipo de cirujanos de renombre mundial, nuestro equipo de voluntarios dona su tiempo y talento para ayudar a nuestros ni\u00f1os y esencialmente cambiar sus vidas. A trav\u00e9s de incontables horas de consulta y realizaci\u00f3n de cirug\u00edas y seguimientos, ya que muchos pacientes requieren m\u00faltiples cirug\u00edas, cada paciente puede estar bajo cuidado por muchos a\u00f1os. Muchos de nuestros cirujanos han sido voluntarios de forma gratuita por m\u00e1s de 10 a\u00f1os.<br \/>\nVea las oportunidades a continuaci\u00f3n de nuestra organizaci\u00f3n de salud voluntaria para ni\u00f1os y d\u00edganos cu\u00e1l es la mejor opci\u00f3n para usted.<\/p>\n<p>[\/vc_column_text][\/vc_column][\/vc_row][vc_row el_class=&#8221;pgp-row-pad&#8221;][vc_column width=&#8221;1\/4&#8243;][vc_single_image image=&#8221;507&#8243; img_size=&#8221;full&#8221; alignment=&#8221;center&#8221;][vc_custom_heading text=&#8221;VOLUNTARIO DE CIRUG\u00cdA PARA EL FIN DE SEMANA&#8221; font_container=&#8221;tag:h4|text_align:left&#8221; use_theme_fonts=&#8221;yes&#8221;][vc_column_text]<\/p>\n<p>Necesitamos casi dos docenas de miembros del equipo para tener un fin de semana de cirug\u00eda exitoso. \u00a1Revisa como puedes ser voluntario y ayudar!<\/p>\n<p>[\/vc_column_text][\/vc_column][vc_column width=&#8221;1\/4&#8243;][vc_single_image image=&#8221;508&#8243; img_size=&#8221;full&#8221; alignment=&#8221;center&#8221;][vc_custom_heading text=&#8221;VOLUNTARIO DE CL\u00cdNICA DENTAL&#8221; font_container=&#8221;tag:h4|text_align:left&#8221; use_theme_fonts=&#8221;yes&#8221;][vc_column_text]<\/p>\n<p>Necesitamos voluntarios m\u00e9dicos y personal para hacer realidad estos exitosos fines de semana. \u00a1Revisa c\u00f3mo puedes ayudar hoy!<\/p>\n<p>[\/vc_column_text][\/vc_column][vc_column width=&#8221;1\/4&#8243;][vc_single_image image=&#8221;509&#8243; img_size=&#8221;full&#8221; alignment=&#8221;center&#8221;][vc_custom_heading text=&#8221;SOLICITUD DE VOLUNTARIO M\u00c9DICO&#8221; font_container=&#8221;tag:h4|text_align:left&#8221; use_theme_fonts=&#8221;yes&#8221;][vc_column_text]<\/p>\n<p>Participe como voluntario para los fines de semana de cirug\u00eda, cl\u00ednicas dentales, pasant\u00edas y voluntarios para eventos de recaudaci\u00f3n de fondos.<\/p>\n<p>[\/vc_column_text][\/vc_column][vc_column width=&#8221;1\/4&#8243;][vc_single_image image=&#8221;510&#8243; img_size=&#8221;full&#8221; alignment=&#8221;center&#8221;][vc_custom_heading text=&#8221;PATROCINADORES&#8221; font_container=&#8221;tag:h4|text_align:left&#8221; use_theme_fonts=&#8221;yes&#8221;][vc_column_text]<\/p>\n<p>Nuestros patrocinadores, corporativos e individuales, hacen posible que sigamos funcionando sin problemas y que sigamos ayudando a m\u00e1s ni\u00f1os cada a\u00f1o.<\/p>\n<p>[\/vc_column_text][\/vc_column][\/vc_row]<\/p>\n","protected":false},"excerpt":{"rendered":"<p>[vc_row el_class=&#8221;pgp-row-pad&#8221;][vc_column width=&#8221;1\/2&#8243;][vc_raw_html]JTNDaWZyYW1lJTIwd2lkdGglM0QlMjI1NjAlMjIlMjBoZWlnaHQlM0QlMjIzMTUlMjIlMjBzcmMlM0QlMjJodHRwcyUzQSUyRiUyRnd3dy55b3V0dWJlLmNvbSUyRmVtYmVkJTJGR2pqTF9FLVRVZDAlMjIlMjB0aXRsZSUzRCUyMllvdVR1YmUlMjB2aWRlbyUyMHBsYXllciUyMiUyMGZyYW1lYm9yZGVyJTNEJTIyMCUyMiUyMGFsbG93JTNEJTIyYWNjZWxlcm9tZXRlciUzQiUyMGF1dG9wbGF5JTNCJTIwY2xpcGJvYXJkLXdyaXRlJTNCJTIwZW5jcnlwdGVkLW1lZGlhJTNCJTIwZ3lyb3Njb3BlJTNCJTIwcGljdHVyZS1pbi1waWN0dXJlJTIyJTIwYWxsb3dmdWxsc2NyZWVuJTNFJTNDJTJGaWZyYW1lJTNF[\/vc_raw_html][\/vc_column][vc_column width=&#8221;1\/2&#8243;][vc_column_text] Con un equipo de cirujanos de renombre mundial, nuestro equipo de voluntarios dona su tiempo y talento para ayudar a nuestros ni\u00f1os y esencialmente cambiar sus vidas. A trav\u00e9s de incontables horas de consulta y realizaci\u00f3n de cirug\u00edas y seguimientos, ya que muchos pacientes requieren m\u00faltiples cirug\u00edas, cada paciente puede estar &#8230; <a title=\"Voluntario\" class=\"read-more\" href=\"https:\/\/www.freshstart.org\/espanol\/volunteer\/\" aria-label=\"Read more about Voluntario\">Read more<\/a><\/p>\n","protected":false},"author":2,"featured_media":1492,"parent":0,"menu_order":0,"comment_status":"closed","ping_status":"closed","template":"","meta":{"inline_featured_image":false,"footnotes":""},"class_list":["post-226","page","type-page","status-publish","has-post-thumbnail"],"yoast_head":"<!-- This site is optimized with the Yoast SEO plugin v27.5 - https:\/\/yoast.com\/product\/yoast-seo-wordpress\/ -->\n<title>Volunteer Health Organizations, Children&#039;s Health Organizations<\/title>\n<meta name=\"description\" content=\"Fresh Start is one of the leading voluntary health charity organizations providing reconstructive surgery for children in need. See how you can get involved!\" \/>\n<meta name=\"robots\" content=\"index, follow, max-snippet:-1, max-image-preview:large, max-video-preview:-1\" \/>\n<link rel=\"canonical\" href=\"https:\/\/www.freshstart.org\/espanol\/volunteer\/\" \/>\n<meta property=\"og:locale\" content=\"en_US\" \/>\n<meta property=\"og:type\" content=\"article\" \/>\n<meta property=\"og:title\" content=\"Volunteer Health Organizations, Children&#039;s Health Organizations\" \/>\n<meta property=\"og:description\" content=\"Fresh Start is one of the leading voluntary health charity organizations providing reconstructive surgery for children in need. See how you can get involved!\" \/>\n<meta property=\"og:url\" content=\"https:\/\/www.freshstart.org\/espanol\/volunteer\/\" \/>\n<meta property=\"og:site_name\" content=\"Charities for Children, Organizations to Help Children\" \/>\n<meta property=\"article:modified_time\" content=\"2022-12-15T20:09:07+00:00\" \/>\n<meta property=\"og:image\" content=\"https:\/\/spanish-fresh-start.innovisionwebsites.com\/wp-content\/uploads\/2022\/12\/fresh-start-page-bg-new.jpg\" \/>\n\t<meta property=\"og:image:width\" content=\"1920\" \/>\n\t<meta property=\"og:image:height\" content=\"400\" \/>\n\t<meta property=\"og:image:type\" content=\"image\/jpeg\" \/>\n<meta name=\"twitter:card\" content=\"summary_large_image\" \/>\n<meta name=\"twitter:label1\" content=\"Est. reading time\" \/>\n\t<meta name=\"twitter:data1\" content=\"2 minutes\" \/>\n<script type=\"application\/ld+json\" class=\"yoast-schema-graph\">{\"@context\":\"https:\\\/\\\/schema.org\",\"@graph\":[{\"@type\":\"WebPage\",\"@id\":\"https:\\\/\\\/www.freshstart.org\\\/espanol\\\/volunteer\\\/\",\"url\":\"https:\\\/\\\/www.freshstart.org\\\/espanol\\\/volunteer\\\/\",\"name\":\"Volunteer Health Organizations, Children's Health Organizations\",\"isPartOf\":{\"@id\":\"https:\\\/\\\/www.freshstart.org\\\/espanol\\\/#website\"},\"primaryImageOfPage\":{\"@id\":\"https:\\\/\\\/www.freshstart.org\\\/espanol\\\/volunteer\\\/#primaryimage\"},\"image\":{\"@id\":\"https:\\\/\\\/www.freshstart.org\\\/espanol\\\/volunteer\\\/#primaryimage\"},\"thumbnailUrl\":\"https:\\\/\\\/www.freshstart.org\\\/espanol\\\/wp-content\\\/uploads\\\/2022\\\/12\\\/fresh-start-page-bg-new.jpg\",\"datePublished\":\"2022-09-07T00:10:23+00:00\",\"dateModified\":\"2022-12-15T20:09:07+00:00\",\"description\":\"Fresh Start is one of the leading voluntary health charity organizations providing reconstructive surgery for children in need. See how you can get involved!\",\"inLanguage\":\"en-US\",\"potentialAction\":[{\"@type\":\"ReadAction\",\"target\":[\"https:\\\/\\\/www.freshstart.org\\\/espanol\\\/volunteer\\\/\"]}]},{\"@type\":\"ImageObject\",\"inLanguage\":\"en-US\",\"@id\":\"https:\\\/\\\/www.freshstart.org\\\/espanol\\\/volunteer\\\/#primaryimage\",\"url\":\"https:\\\/\\\/www.freshstart.org\\\/espanol\\\/wp-content\\\/uploads\\\/2022\\\/12\\\/fresh-start-page-bg-new.jpg\",\"contentUrl\":\"https:\\\/\\\/www.freshstart.org\\\/espanol\\\/wp-content\\\/uploads\\\/2022\\\/12\\\/fresh-start-page-bg-new.jpg\",\"width\":1920,\"height\":400},{\"@type\":\"WebSite\",\"@id\":\"https:\\\/\\\/www.freshstart.org\\\/espanol\\\/#website\",\"url\":\"https:\\\/\\\/www.freshstart.org\\\/espanol\\\/\",\"name\":\"Charities for Children, Organizations to Help Children\",\"description\":\"Fresh Start Surgical Gifts is a medical charity for children that transforms the lives of disadvantaged infants, children, and teens with physical\",\"publisher\":{\"@id\":\"https:\\\/\\\/www.freshstart.org\\\/espanol\\\/#organization\"},\"potentialAction\":[{\"@type\":\"SearchAction\",\"target\":{\"@type\":\"EntryPoint\",\"urlTemplate\":\"https:\\\/\\\/www.freshstart.org\\\/espanol\\\/?s={search_term_string}\"},\"query-input\":{\"@type\":\"PropertyValueSpecification\",\"valueRequired\":true,\"valueName\":\"search_term_string\"}}],\"inLanguage\":\"en-US\"},{\"@type\":\"Organization\",\"@id\":\"https:\\\/\\\/www.freshstart.org\\\/espanol\\\/#organization\",\"name\":\"Charities for Children, Organizations to Help Children\",\"url\":\"https:\\\/\\\/www.freshstart.org\\\/espanol\\\/\",\"logo\":{\"@type\":\"ImageObject\",\"inLanguage\":\"en-US\",\"@id\":\"https:\\\/\\\/www.freshstart.org\\\/espanol\\\/#\\\/schema\\\/logo\\\/image\\\/\",\"url\":\"https:\\\/\\\/www.freshstart.org\\\/espanol\\\/wp-content\\\/uploads\\\/2022\\\/12\\\/spanish-logo.png\",\"contentUrl\":\"https:\\\/\\\/www.freshstart.org\\\/espanol\\\/wp-content\\\/uploads\\\/2022\\\/12\\\/spanish-logo.png\",\"width\":800,\"height\":255,\"caption\":\"Charities for Children, Organizations to Help Children\"},\"image\":{\"@id\":\"https:\\\/\\\/www.freshstart.org\\\/espanol\\\/#\\\/schema\\\/logo\\\/image\\\/\"}}]}<\/script>\n<!-- \/ Yoast SEO plugin. -->","yoast_head_json":{"title":"Volunteer Health Organizations, Children's Health Organizations","description":"Fresh Start is one of the leading voluntary health charity organizations providing reconstructive surgery for children in need. See how you can get involved!","robots":{"index":"index","follow":"follow","max-snippet":"max-snippet:-1","max-image-preview":"max-image-preview:large","max-video-preview":"max-video-preview:-1"},"canonical":"https:\/\/www.freshstart.org\/espanol\/volunteer\/","og_locale":"en_US","og_type":"article","og_title":"Volunteer Health Organizations, Children's Health Organizations","og_description":"Fresh Start is one of the leading voluntary health charity organizations providing reconstructive surgery for children in need. See how you can get involved!","og_url":"https:\/\/www.freshstart.org\/espanol\/volunteer\/","og_site_name":"Charities for Children, Organizations to Help Children","article_modified_time":"2022-12-15T20:09:07+00:00","og_image":[{"width":1920,"height":400,"url":"https:\/\/spanish-fresh-start.innovisionwebsites.com\/wp-content\/uploads\/2022\/12\/fresh-start-page-bg-new.jpg","type":"image\/jpeg"}],"twitter_card":"summary_large_image","twitter_misc":{"Est. reading time":"2 minutes"},"schema":{"@context":"https:\/\/schema.org","@graph":[{"@type":"WebPage","@id":"https:\/\/www.freshstart.org\/espanol\/volunteer\/","url":"https:\/\/www.freshstart.org\/espanol\/volunteer\/","name":"Volunteer Health Organizations, Children's Health Organizations","isPartOf":{"@id":"https:\/\/www.freshstart.org\/espanol\/#website"},"primaryImageOfPage":{"@id":"https:\/\/www.freshstart.org\/espanol\/volunteer\/#primaryimage"},"image":{"@id":"https:\/\/www.freshstart.org\/espanol\/volunteer\/#primaryimage"},"thumbnailUrl":"https:\/\/www.freshstart.org\/espanol\/wp-content\/uploads\/2022\/12\/fresh-start-page-bg-new.jpg","datePublished":"2022-09-07T00:10:23+00:00","dateModified":"2022-12-15T20:09:07+00:00","description":"Fresh Start is one of the leading voluntary health charity organizations providing reconstructive surgery for children in need. See how you can get involved!","inLanguage":"en-US","potentialAction":[{"@type":"ReadAction","target":["https:\/\/www.freshstart.org\/espanol\/volunteer\/"]}]},{"@type":"ImageObject","inLanguage":"en-US","@id":"https:\/\/www.freshstart.org\/espanol\/volunteer\/#primaryimage","url":"https:\/\/www.freshstart.org\/espanol\/wp-content\/uploads\/2022\/12\/fresh-start-page-bg-new.jpg","contentUrl":"https:\/\/www.freshstart.org\/espanol\/wp-content\/uploads\/2022\/12\/fresh-start-page-bg-new.jpg","width":1920,"height":400},{"@type":"WebSite","@id":"https:\/\/www.freshstart.org\/espanol\/#website","url":"https:\/\/www.freshstart.org\/espanol\/","name":"Charities for Children, Organizations to Help Children","description":"Fresh Start Surgical Gifts is a medical charity for children that transforms the lives of disadvantaged infants, children, and teens with physical","publisher":{"@id":"https:\/\/www.freshstart.org\/espanol\/#organization"},"potentialAction":[{"@type":"SearchAction","target":{"@type":"EntryPoint","urlTemplate":"https:\/\/www.freshstart.org\/espanol\/?s={search_term_string}"},"query-input":{"@type":"PropertyValueSpecification","valueRequired":true,"valueName":"search_term_string"}}],"inLanguage":"en-US"},{"@type":"Organization","@id":"https:\/\/www.freshstart.org\/espanol\/#organization","name":"Charities for Children, Organizations to Help Children","url":"https:\/\/www.freshstart.org\/espanol\/","logo":{"@type":"ImageObject","inLanguage":"en-US","@id":"https:\/\/www.freshstart.org\/espanol\/#\/schema\/logo\/image\/","url":"https:\/\/www.freshstart.org\/espanol\/wp-content\/uploads\/2022\/12\/spanish-logo.png","contentUrl":"https:\/\/www.freshstart.org\/espanol\/wp-content\/uploads\/2022\/12\/spanish-logo.png","width":800,"height":255,"caption":"Charities for Children, Organizations to Help Children"},"image":{"@id":"https:\/\/www.freshstart.org\/espanol\/#\/schema\/logo\/image\/"}}]}},"_links":{"self":[{"href":"https:\/\/www.freshstart.org\/espanol\/wp-json\/wp\/v2\/pages\/226","targetHints":{"allow":["GET"]}}],"collection":[{"href":"https:\/\/www.freshstart.org\/espanol\/wp-json\/wp\/v2\/pages"}],"about":[{"href":"https:\/\/www.freshstart.org\/espanol\/wp-json\/wp\/v2\/types\/page"}],"author":[{"embeddable":true,"href":"https:\/\/www.freshstart.org\/espanol\/wp-json\/wp\/v2\/users\/2"}],"replies":[{"embeddable":true,"href":"https:\/\/www.freshstart.org\/espanol\/wp-json\/wp\/v2\/comments?post=226"}],"version-history":[{"count":12,"href":"https:\/\/www.freshstart.org\/espanol\/wp-json\/wp\/v2\/pages\/226\/revisions"}],"predecessor-version":[{"id":1480,"href":"https:\/\/www.freshstart.org\/espanol\/wp-json\/wp\/v2\/pages\/226\/revisions\/1480"}],"wp:featuredmedia":[{"embeddable":true,"href":"https:\/\/www.freshstart.org\/espanol\/wp-json\/wp\/v2\/media\/1492"}],"wp:attachment":[{"href":"https:\/\/www.freshstart.org\/espanol\/wp-json\/wp\/v2\/media?parent=226"}],"curies":[{"name":"wp","href":"https:\/\/api.w.org\/{rel}","templated":true}]}}