{"id":230,"date":"2022-09-07T00:11:36","date_gmt":"2022-09-07T00:11:36","guid":{"rendered":"https:\/\/www.freshstart.org\/espanol\/?page_id=230"},"modified":"2022-12-16T01:58:42","modified_gmt":"2022-12-16T01:58:42","slug":"contact-us","status":"publish","type":"page","link":"https:\/\/www.freshstart.org\/espanol\/contact-us\/","title":{"rendered":"Contacta Fresh Start"},"content":{"rendered":"<p>[vc_row content_placement=&#8221;middle&#8221; el_class=&#8221;pgp-row-pad&#8221;][vc_column][vc_single_image image=&#8221;107&#8243; img_size=&#8221;full&#8221; el_class=&#8221;fc-butterfly&#8221;][vc_custom_heading text=&#8221;Contacta Fresh Start Surgical Gifts&#8221; font_container=&#8221;tag:h1|text_align:left|color:%23075aa0&#8243; use_theme_fonts=&#8221;yes&#8221; css=&#8221;.vc_custom_1671063831000{margin-bottom: 0px !important;}&#8221; el_class=&#8221;fc-margin-left&#8221;][vc_column_text el_class=&#8221;fc-margin-left&#8221;]Para m\u00e1s informaci\u00f3n, por favor env\u00edenos el siguiente cuestionario.[\/vc_column_text]\n<div class=\"wpcf7 no-js\" id=\"wpcf7-f5-o1\" lang=\"en-US\" dir=\"ltr\" data-wpcf7-id=\"5\">\n<div class=\"screen-reader-response\"><p role=\"status\" aria-live=\"polite\" aria-atomic=\"true\"><\/p> <ul><\/ul><\/div>\n<form action=\"\/espanol\/wp-json\/wp\/v2\/pages\/230#wpcf7-f5-o1\" method=\"post\" class=\"wpcf7-form init\" aria-label=\"Contact form\" novalidate=\"novalidate\" data-status=\"init\">\n<fieldset class=\"hidden-fields-container\"><input type=\"hidden\" name=\"_wpcf7\" value=\"5\" \/><input type=\"hidden\" name=\"_wpcf7_version\" value=\"6.1.5\" \/><input type=\"hidden\" name=\"_wpcf7_locale\" value=\"en_US\" \/><input type=\"hidden\" name=\"_wpcf7_unit_tag\" value=\"wpcf7-f5-o1\" \/><input type=\"hidden\" name=\"_wpcf7_container_post\" value=\"0\" \/><input type=\"hidden\" name=\"_wpcf7_posted_data_hash\" value=\"\" \/>\n<\/fieldset>\n<div class=\"cw_cf7\">\n    <div class=\"cw_form-row\">\n        <label>Nombre<span class=\"cw_asterisk\"> *<\/span>\n            <span class=\"wpcf7-form-control-wrap\" data-name=\"first-name\"><input size=\"40\" maxlength=\"400\" class=\"wpcf7-form-control wpcf7-text wpcf7-validates-as-required\" aria-required=\"true\" aria-invalid=\"false\" value=\"\" type=\"text\" name=\"first-name\" \/><\/span>\n        <\/label>\n        <label>Apellido<span class=\"cw_asterisk\"> *<\/span>\n            <span class=\"wpcf7-form-control-wrap\" data-name=\"last-name\"><input size=\"40\" maxlength=\"400\" class=\"wpcf7-form-control wpcf7-text wpcf7-validates-as-required\" aria-required=\"true\" aria-invalid=\"false\" value=\"\" type=\"text\" name=\"last-name\" \/><\/span>\n        <\/label>\n    <\/div>\n    <div class=\"cw_form-row\">\n        <label>Correo electr\u00f3nico<span class=\"cw_asterisk\"> *<\/span>\n            <span class=\"wpcf7-form-control-wrap\" data-name=\"email\"><input size=\"40\" maxlength=\"400\" class=\"wpcf7-form-control wpcf7-email wpcf7-validates-as-required wpcf7-text wpcf7-validates-as-email\" aria-required=\"true\" aria-invalid=\"false\" value=\"\" type=\"email\" name=\"email\" \/><\/span>\n        <\/label>\n        <label>Tel\u00e9fono<span class=\"cw_asterisk\"> *<\/span>\n            <span class=\"wpcf7-form-control-wrap\" data-name=\"phone\"><input size=\"40\" maxlength=\"400\" class=\"wpcf7-form-control wpcf7-tel wpcf7-text wpcf7-validates-as-tel\" aria-invalid=\"false\" value=\"\" type=\"tel\" name=\"phone\" \/><\/span>\n        <\/label>\n    <\/div>\n    <div class=\"fc-inquiry-row>\n    <label>\u00bfEn que \u00e1rea le podemos ayudar?<span class=\"cw_asterisk\"> *<\/span>\n        <span class=\"wpcf7-form-control-wrap\" data-name=\"inquiry\"><select class=\"wpcf7-form-control wpcf7-select wpcf7-validates-as-required\" aria-required=\"true\" aria-invalid=\"false\" name=\"inquiry\"><option value=\"Consultas Generales\/Financieras\">Consultas Generales\/Financieras<\/option><option value=\"Consultas Sobre el Programa M\u00e9dico\">Consultas Sobre el Programa M\u00e9dico<\/option><option value=\"Pacientes Potenciales y Proceso de Solicitud\">Pacientes Potenciales y Proceso de Solicitud<\/option><option value=\"Oportunidades Para Voluntarios\">Oportunidades Para Voluntarios<\/option><option value=\"Donaciones\/Oportunidades de Patrocinio\">Donaciones\/Oportunidades de Patrocinio<\/option><option value=\"Informaci\u00f3n de Eventos\">Informaci\u00f3n de Eventos<\/option><option value=\"Subsidios\">Subsidios<\/option><option value=\"Consultas de Prensa\">Consultas de Prensa<\/option><\/select><\/span>\n    <\/label>\n    <\/div>\n    <label>Explique el motivo de su consulta.\n        <span class=\"wpcf7-form-control-wrap\" data-name=\"why-contact\"><textarea cols=\"40\" rows=\"5\" maxlength=\"2000\" class=\"wpcf7-form-control wpcf7-textarea\" aria-invalid=\"false\" name=\"why-contact\"><\/textarea><\/span>\n    <\/label>\n    <input class=\"wpcf7-form-control wpcf7-submit has-spinner\" type=\"submit\" value=\"Enviar\" \/>\n<\/div><div class=\"wpcf7-response-output\" aria-hidden=\"true\"><\/div>\n<\/form>\n<\/div>\n[\/vc_column][\/vc_row]<\/p>\n","protected":false},"excerpt":{"rendered":"<p>[vc_row content_placement=&#8221;middle&#8221; el_class=&#8221;pgp-row-pad&#8221;][vc_column][vc_single_image image=&#8221;107&#8243; img_size=&#8221;full&#8221; el_class=&#8221;fc-butterfly&#8221;][vc_custom_heading text=&#8221;Contacta Fresh Start Surgical Gifts&#8221; font_container=&#8221;tag:h1|text_align:left|color:%23075aa0&#8243; use_theme_fonts=&#8221;yes&#8221; css=&#8221;.vc_custom_1671063831000{margin-bottom: 0px !important;}&#8221; el_class=&#8221;fc-margin-left&#8221;][vc_column_text el_class=&#8221;fc-margin-left&#8221;]Para m\u00e1s informaci\u00f3n, por favor env\u00edenos el siguiente cuestionario.[\/vc_column_text][\/vc_column][\/vc_row]<\/p>\n","protected":false},"author":2,"featured_media":1492,"parent":0,"menu_order":0,"comment_status":"closed","ping_status":"closed","template":"","meta":{"inline_featured_image":false,"footnotes":""},"class_list":["post-230","page","type-page","status-publish","has-post-thumbnail"],"yoast_head":"<!-- This site is optimized with the Yoast SEO plugin v27.5 - https:\/\/yoast.com\/product\/yoast-seo-wordpress\/ -->\n<title>Contact Fresh Start Surgical Gifts: Charity For Children<\/title>\n<meta name=\"description\" content=\"Fresh Start is a charity that provides reconstructive surgery for kids with physical deformities. Learn about volunteer opportunities, ways to give &amp; more here!\" \/>\n<meta name=\"robots\" content=\"index, follow, max-snippet:-1, max-image-preview:large, max-video-preview:-1\" \/>\n<link rel=\"canonical\" href=\"https:\/\/www.freshstart.org\/espanol\/contact-us\/\" \/>\n<meta property=\"og:locale\" content=\"en_US\" \/>\n<meta property=\"og:type\" content=\"article\" \/>\n<meta property=\"og:title\" content=\"Contact Fresh Start Surgical Gifts: Charity For Children\" \/>\n<meta property=\"og:description\" content=\"Fresh Start is a charity that provides reconstructive surgery for kids with physical deformities. Learn about volunteer opportunities, ways to give &amp; more here!\" \/>\n<meta property=\"og:url\" content=\"https:\/\/www.freshstart.org\/espanol\/contact-us\/\" \/>\n<meta property=\"og:site_name\" content=\"Charities for Children, Organizations to Help Children\" \/>\n<meta property=\"article:modified_time\" content=\"2022-12-16T01:58:42+00:00\" \/>\n<meta property=\"og:image\" content=\"https:\/\/spanish-fresh-start.innovisionwebsites.com\/wp-content\/uploads\/2022\/12\/fresh-start-page-bg-new.jpg\" \/>\n\t<meta property=\"og:image:width\" content=\"1920\" \/>\n\t<meta property=\"og:image:height\" content=\"400\" \/>\n\t<meta property=\"og:image:type\" content=\"image\/jpeg\" \/>\n<meta name=\"twitter:card\" content=\"summary_large_image\" \/>\n<script type=\"application\/ld+json\" class=\"yoast-schema-graph\">{\"@context\":\"https:\\\/\\\/schema.org\",\"@graph\":[{\"@type\":\"WebPage\",\"@id\":\"https:\\\/\\\/www.freshstart.org\\\/espanol\\\/contact-us\\\/\",\"url\":\"https:\\\/\\\/www.freshstart.org\\\/espanol\\\/contact-us\\\/\",\"name\":\"Contact Fresh Start Surgical Gifts: Charity For Children\",\"isPartOf\":{\"@id\":\"https:\\\/\\\/www.freshstart.org\\\/espanol\\\/#website\"},\"primaryImageOfPage\":{\"@id\":\"https:\\\/\\\/www.freshstart.org\\\/espanol\\\/contact-us\\\/#primaryimage\"},\"image\":{\"@id\":\"https:\\\/\\\/www.freshstart.org\\\/espanol\\\/contact-us\\\/#primaryimage\"},\"thumbnailUrl\":\"https:\\\/\\\/www.freshstart.org\\\/espanol\\\/wp-content\\\/uploads\\\/2022\\\/12\\\/fresh-start-page-bg-new.jpg\",\"datePublished\":\"2022-09-07T00:11:36+00:00\",\"dateModified\":\"2022-12-16T01:58:42+00:00\",\"description\":\"Fresh Start is a charity that provides reconstructive surgery for kids with physical deformities. Learn about volunteer opportunities, ways to give & more here!\",\"inLanguage\":\"en-US\",\"potentialAction\":[{\"@type\":\"ReadAction\",\"target\":[\"https:\\\/\\\/www.freshstart.org\\\/espanol\\\/contact-us\\\/\"]}]},{\"@type\":\"ImageObject\",\"inLanguage\":\"en-US\",\"@id\":\"https:\\\/\\\/www.freshstart.org\\\/espanol\\\/contact-us\\\/#primaryimage\",\"url\":\"https:\\\/\\\/www.freshstart.org\\\/espanol\\\/wp-content\\\/uploads\\\/2022\\\/12\\\/fresh-start-page-bg-new.jpg\",\"contentUrl\":\"https:\\\/\\\/www.freshstart.org\\\/espanol\\\/wp-content\\\/uploads\\\/2022\\\/12\\\/fresh-start-page-bg-new.jpg\",\"width\":1920,\"height\":400},{\"@type\":\"WebSite\",\"@id\":\"https:\\\/\\\/www.freshstart.org\\\/espanol\\\/#website\",\"url\":\"https:\\\/\\\/www.freshstart.org\\\/espanol\\\/\",\"name\":\"Charities for Children, Organizations to Help Children\",\"description\":\"Fresh Start Surgical Gifts is a medical charity for children that transforms the lives of disadvantaged infants, children, and teens with physical\",\"publisher\":{\"@id\":\"https:\\\/\\\/www.freshstart.org\\\/espanol\\\/#organization\"},\"potentialAction\":[{\"@type\":\"SearchAction\",\"target\":{\"@type\":\"EntryPoint\",\"urlTemplate\":\"https:\\\/\\\/www.freshstart.org\\\/espanol\\\/?s={search_term_string}\"},\"query-input\":{\"@type\":\"PropertyValueSpecification\",\"valueRequired\":true,\"valueName\":\"search_term_string\"}}],\"inLanguage\":\"en-US\"},{\"@type\":\"Organization\",\"@id\":\"https:\\\/\\\/www.freshstart.org\\\/espanol\\\/#organization\",\"name\":\"Charities for Children, Organizations to Help Children\",\"url\":\"https:\\\/\\\/www.freshstart.org\\\/espanol\\\/\",\"logo\":{\"@type\":\"ImageObject\",\"inLanguage\":\"en-US\",\"@id\":\"https:\\\/\\\/www.freshstart.org\\\/espanol\\\/#\\\/schema\\\/logo\\\/image\\\/\",\"url\":\"https:\\\/\\\/www.freshstart.org\\\/espanol\\\/wp-content\\\/uploads\\\/2022\\\/12\\\/spanish-logo.png\",\"contentUrl\":\"https:\\\/\\\/www.freshstart.org\\\/espanol\\\/wp-content\\\/uploads\\\/2022\\\/12\\\/spanish-logo.png\",\"width\":800,\"height\":255,\"caption\":\"Charities for Children, Organizations to Help Children\"},\"image\":{\"@id\":\"https:\\\/\\\/www.freshstart.org\\\/espanol\\\/#\\\/schema\\\/logo\\\/image\\\/\"}}]}<\/script>\n<!-- \/ Yoast SEO plugin. -->","yoast_head_json":{"title":"Contact Fresh Start Surgical Gifts: Charity For Children","description":"Fresh Start is a charity that provides reconstructive surgery for kids with physical deformities. Learn about volunteer opportunities, ways to give & more here!","robots":{"index":"index","follow":"follow","max-snippet":"max-snippet:-1","max-image-preview":"max-image-preview:large","max-video-preview":"max-video-preview:-1"},"canonical":"https:\/\/www.freshstart.org\/espanol\/contact-us\/","og_locale":"en_US","og_type":"article","og_title":"Contact Fresh Start Surgical Gifts: Charity For Children","og_description":"Fresh Start is a charity that provides reconstructive surgery for kids with physical deformities. Learn about volunteer opportunities, ways to give & more here!","og_url":"https:\/\/www.freshstart.org\/espanol\/contact-us\/","og_site_name":"Charities for Children, Organizations to Help Children","article_modified_time":"2022-12-16T01:58:42+00:00","og_image":[{"width":1920,"height":400,"url":"https:\/\/spanish-fresh-start.innovisionwebsites.com\/wp-content\/uploads\/2022\/12\/fresh-start-page-bg-new.jpg","type":"image\/jpeg"}],"twitter_card":"summary_large_image","schema":{"@context":"https:\/\/schema.org","@graph":[{"@type":"WebPage","@id":"https:\/\/www.freshstart.org\/espanol\/contact-us\/","url":"https:\/\/www.freshstart.org\/espanol\/contact-us\/","name":"Contact Fresh Start Surgical Gifts: Charity For Children","isPartOf":{"@id":"https:\/\/www.freshstart.org\/espanol\/#website"},"primaryImageOfPage":{"@id":"https:\/\/www.freshstart.org\/espanol\/contact-us\/#primaryimage"},"image":{"@id":"https:\/\/www.freshstart.org\/espanol\/contact-us\/#primaryimage"},"thumbnailUrl":"https:\/\/www.freshstart.org\/espanol\/wp-content\/uploads\/2022\/12\/fresh-start-page-bg-new.jpg","datePublished":"2022-09-07T00:11:36+00:00","dateModified":"2022-12-16T01:58:42+00:00","description":"Fresh Start is a charity that provides reconstructive surgery for kids with physical deformities. Learn about volunteer opportunities, ways to give & more here!","inLanguage":"en-US","potentialAction":[{"@type":"ReadAction","target":["https:\/\/www.freshstart.org\/espanol\/contact-us\/"]}]},{"@type":"ImageObject","inLanguage":"en-US","@id":"https:\/\/www.freshstart.org\/espanol\/contact-us\/#primaryimage","url":"https:\/\/www.freshstart.org\/espanol\/wp-content\/uploads\/2022\/12\/fresh-start-page-bg-new.jpg","contentUrl":"https:\/\/www.freshstart.org\/espanol\/wp-content\/uploads\/2022\/12\/fresh-start-page-bg-new.jpg","width":1920,"height":400},{"@type":"WebSite","@id":"https:\/\/www.freshstart.org\/espanol\/#website","url":"https:\/\/www.freshstart.org\/espanol\/","name":"Charities for Children, Organizations to Help Children","description":"Fresh Start Surgical Gifts is a medical charity for children that transforms the lives of disadvantaged infants, children, and teens with physical","publisher":{"@id":"https:\/\/www.freshstart.org\/espanol\/#organization"},"potentialAction":[{"@type":"SearchAction","target":{"@type":"EntryPoint","urlTemplate":"https:\/\/www.freshstart.org\/espanol\/?s={search_term_string}"},"query-input":{"@type":"PropertyValueSpecification","valueRequired":true,"valueName":"search_term_string"}}],"inLanguage":"en-US"},{"@type":"Organization","@id":"https:\/\/www.freshstart.org\/espanol\/#organization","name":"Charities for Children, Organizations to Help Children","url":"https:\/\/www.freshstart.org\/espanol\/","logo":{"@type":"ImageObject","inLanguage":"en-US","@id":"https:\/\/www.freshstart.org\/espanol\/#\/schema\/logo\/image\/","url":"https:\/\/www.freshstart.org\/espanol\/wp-content\/uploads\/2022\/12\/spanish-logo.png","contentUrl":"https:\/\/www.freshstart.org\/espanol\/wp-content\/uploads\/2022\/12\/spanish-logo.png","width":800,"height":255,"caption":"Charities for Children, Organizations to Help Children"},"image":{"@id":"https:\/\/www.freshstart.org\/espanol\/#\/schema\/logo\/image\/"}}]}},"_links":{"self":[{"href":"https:\/\/www.freshstart.org\/espanol\/wp-json\/wp\/v2\/pages\/230","targetHints":{"allow":["GET"]}}],"collection":[{"href":"https:\/\/www.freshstart.org\/espanol\/wp-json\/wp\/v2\/pages"}],"about":[{"href":"https:\/\/www.freshstart.org\/espanol\/wp-json\/wp\/v2\/types\/page"}],"author":[{"embeddable":true,"href":"https:\/\/www.freshstart.org\/espanol\/wp-json\/wp\/v2\/users\/2"}],"replies":[{"embeddable":true,"href":"https:\/\/www.freshstart.org\/espanol\/wp-json\/wp\/v2\/comments?post=230"}],"version-history":[{"count":14,"href":"https:\/\/www.freshstart.org\/espanol\/wp-json\/wp\/v2\/pages\/230\/revisions"}],"predecessor-version":[{"id":1490,"href":"https:\/\/www.freshstart.org\/espanol\/wp-json\/wp\/v2\/pages\/230\/revisions\/1490"}],"wp:featuredmedia":[{"embeddable":true,"href":"https:\/\/www.freshstart.org\/espanol\/wp-json\/wp\/v2\/media\/1492"}],"wp:attachment":[{"href":"https:\/\/www.freshstart.org\/espanol\/wp-json\/wp\/v2\/media?parent=230"}],"curies":[{"name":"wp","href":"https:\/\/api.w.org\/{rel}","templated":true}]}}